{"id":25,"date":"2017-08-11T13:03:48","date_gmt":"2017-08-11T13:03:48","guid":{"rendered":"https:\/\/atixscripts.info\/demo\/minimag\/?page_id=25"},"modified":"2020-11-07T14:21:35","modified_gmt":"2020-11-07T14:21:35","slug":"historias-em-viagem","status":"publish","type":"page","link":"https:\/\/www.pintolopesviagens.com\/blog\/historias-em-viagem\/","title":{"rendered":"Hist\u00f3rias em viagem"},"content":{"rendered":"[vc_row full_width=&#8221;stretch_row_content_no_spaces&#8221; css=&#8221;.vc_custom_1604237225123{padding-bottom: -50px !important;}&#8221;][vc_column][vc_single_image image=&#8221;2339&#8243; img_size=&#8221;full&#8221;][\/vc_column][\/vc_row][vc_row full_width=&#8221;stretch_row&#8221; css=&#8221;.vc_custom_1604237939207{margin-top: -40px !important;padding-bottom: -40px !important;background-color: #b70062 !important;}&#8221;][vc_column][vc_custom_heading source=&#8221;post_title&#8221; font_container=&#8221;tag:p|font_size:30|text_align:center|color:%23ffffff|line_height:2&#8243; use_theme_fonts=&#8221;yes&#8221; css=&#8221;.vc_custom_1604248173606{margin-top: -15px !important;padding-top: -30px !important;}&#8221;][\/vc_column][\/vc_row][vc_row full_width=&#8221;stretch_row&#8221;][vc_column][vc_column_text]\n<h2 style=\"text-align: left; font-size: 22px;\"><strong>\u00c9 um viajante Pinto Lopes? Gosta de escrever sobre viagens? Ent\u00e3o, esta rubrica \u00e9 para si!<\/strong><\/h2>\n<p>Partilhe connosco as hist\u00f3rias que deram novos mundos ao seu mundo.<\/p>\n<p>Estamos ansiosos por ler as hist\u00f3rias dos nossos viajantes que estejam interessados em partilhar as suas experi\u00eancias de viagem com a Pinto Lopes. Viv\u00eancias \u00fanicas, na primeira pessoa!<\/p>\n<p>Quer se trate de uma hist\u00f3ria inspiradora sobre o destino, um di\u00e1rio de fotos ou um TOP 10 do circuito, queremos saber tudo! E, com o seu contributo, transformar este espa\u00e7o num cantinho de hist\u00f3rias de viagens. As SUAS hist\u00f3rias![\/vc_column_text][\/vc_column][\/vc_row][vc_row full_width=&#8221;stretch_row&#8221; css=&#8221;.vc_custom_1604236611765{background-color: #eaeaea !important;}&#8221;][vc_column][vc_column_text]\n<p style=\"text-align: left; font-size: 20px;\"><strong>REGULAMENTO<\/strong><\/p>\n<p><strong>Objetivos<\/strong><br \/>\n1. Promover a participa\u00e7\u00e3o dos clientes da Pinto Lopes Viagens, S.A. em todas as atividades que esta organiza;<br \/>\n2. Estimular o registo das experi\u00eancias de viagem dos clientes da Pinto Lopes Viagens, S.A.;<br \/>\n3. Apresentar as experi\u00eancias \u00fanicas que a Pinto Lopes Viagens, S.A. proporciona atrav\u00e9s da perspetiva \u00fanica dos seus clientes.<\/p>\n<p><strong>Tema<\/strong><br \/>\nHist\u00f3rias ocorridas durante viagens realizadas atrav\u00e9s da Pinto Lopes Viagens, S.A..<\/p>\n<p><strong>Participa\u00e7\u00e3o<\/strong><br \/>\n1. Textos originais e in\u00e9ditos que retratem hist\u00f3rias ocorridas em qualquer viagem realizada atrav\u00e9s da Pinto Lopes Viagens, S.A., com um m\u00ednimo de 300 palavras e m\u00e1ximo de 1000 palavras;<br \/>\n2. \u00c9 obrigat\u00f3rio o envio, juntamente com o texto, de uma fotografia do pr\u00f3prio participante no destino, em formato digital;<br \/>\n3. O participante poder\u00e1 enviar outras fotografias, tamb\u00e9m em formato digital, ilustrativas da hist\u00f3ria e da viagem, num m\u00e1ximo de 10;<br \/>\n4. S\u00f3 poder\u00e3o ser apresentados textos e fotografias cujos direitos de autor perten\u00e7am inequivocamente, e sem exce\u00e7\u00e3o, ao participante;<br \/>\n5. As fotografias enviadas n\u00e3o podem incluir pessoas al\u00e9m do pr\u00f3prio participante;<br \/>\n6. N\u00e3o ser\u00e3o aceites textos e fotografias que j\u00e1 tenham sido publicados anteriormente noutros contextos (ex.: blog pessoal);<br \/>\n7. Al\u00e9m do texto e da(s) fotografia(s), o participante dever\u00e1 remeter a <a href=\"https:\/\/www.pintolopesviagens.com\/blog\/wp-content\/uploads\/2020\/11\/Autoriza\u00e7\u00e3o-de-publica\u00e7\u00e3o-de-conte\u00fados.pdf\"><strong><span style=\"color: #b70062;\">declara\u00e7\u00e3o em anexo<\/span><\/strong><\/a>, devidamente preenchida e assinada, que formalmente <strong>autoriza a publica\u00e7\u00e3o desses conte\u00fados<\/strong>, pela Pinto Lopes Viagens S.A., no blog \u201cPostais de viagem\u201d e nas suas redes sociais;<br \/>\n8. Ao enviar este material, o participante cede \u00e0 Pinto Lopes Viagens, S.A. o direito de o utilizar para fins publicit\u00e1rios e\/ou promocionais;<br \/>\n9. Todos os ficheiros devem ser enviados para o e-mail <a href=\"mailto:historias@pintolopesviagens.com\">historias@pintolopesviagens.com<\/a>;<br \/>\n10. A participa\u00e7\u00e3o nesta rubrica pressup\u00f5e a aceita\u00e7\u00e3o integral deste regulamento.<\/p>\n<p><strong>Publica\u00e7\u00e3o dos trabalhos<\/strong><br \/>\nA Organiza\u00e7\u00e3o reserva-se o direito de apenas publicar os trabalhos que se refiram ao tema proposto, cumpram os crit\u00e9rios acima mencionados e n\u00e3o contrariem as regras que defende para o bom funcionamento do blog \u201cPostais de viagem\u201d, estando portanto automaticamente exclu\u00eddo todo o conte\u00fado de car\u00e1cter obsceno, maldoso, assediante, difamat\u00f3rio, prejudicial, amea\u00e7ador, calunioso, ofensivo, ilegal, racista, sexualmente tendencioso, publicit\u00e1rio e invasivo da privacidade de terceiros.<\/p>\n<p><strong>Utiliza\u00e7\u00e3o do conte\u00fado<\/strong><br \/>\nCom o envio dos materiais, cada concorrente confirma a autoria do texto e das fotografias e declara que permite a sua publica\u00e7\u00e3o pela Pinto Lopes Viagens, S.A., sem auferir qualquer remunera\u00e7\u00e3o por isso.<br \/>\nO participante garante n\u00e3o violar os direitos de qualquer outra pessoa e responsabiliza-se perante a Pinto Lopes Viagens, S. A., bem como perante terceiros, por todos os eventuais danos causados pela divulga\u00e7\u00e3o do seu texto e da(s) sua(s) fotografias(s).<\/p>\n<p><strong>Disposi\u00e7\u00f5es gerais<\/strong><br \/>\nA participa\u00e7\u00e3o nesta rubrica implica a concord\u00e2ncia com os termos do presente regulamento.<br \/>\nPara esclarecimento de qualquer d\u00favida, os interessados dever\u00e3o enviar e-mail para <a href=\"mailto:historias@pintolopesviagens.com\">historias@pintolopesviagens.com<\/a>[\/vc_column_text][\/vc_column][\/vc_row][vc_row][vc_column width=&#8221;1\/2&#8243;][vc_btn title=&#8221;Clique para fazer download da Autoriza\u00e7\u00e3o de publica\u00e7\u00e3o&#8221; style=&#8221;classic&#8221; color=&#8221;black&#8221; size=&#8221;lg&#8221; i_icon_fontawesome=&#8221;far fa-file-pdf&#8221; add_icon=&#8221;true&#8221; link=&#8221;url:https%3A%2F%2Fwww.pintolopesviagens.com%2Fblog%2Fwp-content%2Fuploads%2F2020%2F11%2FAutoriza%C3%A7%C3%A3o-de-publica%C3%A7%C3%A3o-de-conte%C3%BAdos.pdf||target:%20_blank|rel:nofollow&#8221;][\/vc_column][vc_column width=&#8221;1\/2&#8243;][vc_column_text]Reiteramos que dever\u00e1 remeter esta declara\u00e7\u00e3o, devidamente preenchida e assinada, que autoriza a publica\u00e7\u00e3o dos textos e imagens que nos enviar, pela Pinto Lopes Viagens S.A., no blog \u201cPostais de viagem\u201d e nas suas redes sociais.[\/vc_column_text][\/vc_column][\/vc_row]\n","protected":false},"excerpt":{"rendered":"<p>[vc_row full_width=&#8221;stretch_row_content_no_spaces&#8221; css=&#8221;.vc_custom_1604237225123{padding-bottom: -50px !important;}&#8221;][vc_column][vc_single_image image=&#8221;2339&#8243; img_size=&#8221;full&#8221;][\/vc_column][\/vc_row][vc_row full_width=&#8221;stretch_row&#8221; css=&#8221;.vc_custom_1604237939207{margin-top: -40px !important;padding-bottom: -40px !important;background-color: #b70062 !important;}&#8221;][vc_column][vc_custom_heading source=&#8221;post_title&#8221; font_container=&#8221;tag:p|font_size:30|text_align:center|color:%23ffffff|line_height:2&#8243; use_theme_fonts=&#8221;yes&#8221; css=&#8221;.vc_custom_1604248173606{margin-top: -15px !important;padding-top: -30px !important;}&#8221;][\/vc_column][\/vc_row][vc_row full_width=&#8221;stretch_row&#8221;][vc_column][vc_column_text] \u00c9 um viajante Pinto Lopes? Gosta de escrever sobre viagens? Ent\u00e3o, esta rubrica \u00e9 para si! Partilhe connosco as hist\u00f3rias que deram novos mundos ao seu mundo. Estamos ansiosos por ler [&hellip;]<\/p>\n","protected":false},"author":1,"featured_media":0,"parent":0,"menu_order":0,"comment_status":"closed","ping_status":"closed","template":"","meta":[],"yoast_head":"<!-- This site is optimized with the Yoast SEO plugin v15.7 - https:\/\/yoast.com\/wordpress\/plugins\/seo\/ -->\n<title>Hist\u00f3rias em viagem | Postais de Viagem<\/title>\n<meta name=\"description\" content=\"\u00c9 um viajante Pinto Lopes? Gosta de escrever sobre viagens? Ent\u00e3o, esta rubrica - Hist\u00f3rias em Viagem - \u00e9 para si!Partilhe connosco as hist\u00f3rias que deram novos mundos ao seu mundo.Estamos ansiosos por ler as hist\u00f3rias dos nossos viajantes que estejam interessados em partilhar as suas experi\u00eancias de viagem com a Pinto Lopes. Viv\u00eancias \u00fanicas, na primeira pessoa! Quer se trate de uma hist\u00f3ria inspiradora sobre o destino, um di\u00e1rio de fotos ou um TOP 10 do circuito, queremos saber tudo! E, com o seu contributo, transformar este espa\u00e7o num cantinho de hist\u00f3rias de viagens. As SUAS hist\u00f3rias!\" \/>\n<meta name=\"robots\" content=\"index, follow, max-snippet:-1, max-image-preview:large, max-video-preview:-1\" \/>\n<link rel=\"canonical\" href=\"https:\/\/www.pintolopesviagens.com\/blog\/historias-em-viagem\/\" \/>\n<meta property=\"og:locale\" content=\"pt_PT\" \/>\n<meta property=\"og:type\" content=\"article\" \/>\n<meta property=\"og:title\" content=\"Hist\u00f3rias em viagem | Postais de Viagem\" \/>\n<meta property=\"og:description\" content=\"\u00c9 um viajante Pinto Lopes? Gosta de escrever sobre viagens? Ent\u00e3o, esta rubrica - Hist\u00f3rias em Viagem - \u00e9 para si!Partilhe connosco as hist\u00f3rias que deram novos mundos ao seu mundo.Estamos ansiosos por ler as hist\u00f3rias dos nossos viajantes que estejam interessados em partilhar as suas experi\u00eancias de viagem com a Pinto Lopes. Viv\u00eancias \u00fanicas, na primeira pessoa! Quer se trate de uma hist\u00f3ria inspiradora sobre o destino, um di\u00e1rio de fotos ou um TOP 10 do circuito, queremos saber tudo! E, com o seu contributo, transformar este espa\u00e7o num cantinho de hist\u00f3rias de viagens. As SUAS hist\u00f3rias!\" \/>\n<meta property=\"og:url\" content=\"https:\/\/www.pintolopesviagens.com\/blog\/historias-em-viagem\/\" \/>\n<meta property=\"og:site_name\" content=\"Postais de Viagem\" \/>\n<meta property=\"article:modified_time\" content=\"2020-11-07T14:21:35+00:00\" \/>\n<meta name=\"twitter:card\" content=\"summary_large_image\" \/>\n<meta name=\"twitter:label1\" content=\"Est. reading time\">\n\t<meta name=\"twitter:data1\" content=\"4 minutos\">\n<script type=\"application\/ld+json\" class=\"yoast-schema-graph\">{\"@context\":\"https:\/\/schema.org\",\"@graph\":[{\"@type\":\"WebSite\",\"@id\":\"https:\/\/www.pintolopesviagens.com\/blog\/#website\",\"url\":\"https:\/\/www.pintolopesviagens.com\/blog\/\",\"name\":\"Postais de Viagem\",\"description\":\"O blogue do viajante PLV\",\"potentialAction\":[{\"@type\":\"SearchAction\",\"target\":\"https:\/\/www.pintolopesviagens.com\/blog\/?s={search_term_string}\",\"query-input\":\"required name=search_term_string\"}],\"inLanguage\":\"pt-PT\"},{\"@type\":\"WebPage\",\"@id\":\"https:\/\/www.pintolopesviagens.com\/blog\/historias-em-viagem\/#webpage\",\"url\":\"https:\/\/www.pintolopesviagens.com\/blog\/historias-em-viagem\/\",\"name\":\"Hist\\u00f3rias em viagem | Postais de Viagem\",\"isPartOf\":{\"@id\":\"https:\/\/www.pintolopesviagens.com\/blog\/#website\"},\"datePublished\":\"2017-08-11T13:03:48+00:00\",\"dateModified\":\"2020-11-07T14:21:35+00:00\",\"description\":\"\\u00c9 um viajante Pinto Lopes? Gosta de escrever sobre viagens? Ent\\u00e3o, esta rubrica - Hist\\u00f3rias em Viagem - \\u00e9 para si!Partilhe connosco as hist\\u00f3rias que deram novos mundos ao seu mundo.Estamos ansiosos por ler as hist\\u00f3rias dos nossos viajantes que estejam interessados em partilhar as suas experi\\u00eancias de viagem com a Pinto Lopes. Viv\\u00eancias \\u00fanicas, na primeira pessoa! Quer se trate de uma hist\\u00f3ria inspiradora sobre o destino, um di\\u00e1rio de fotos ou um TOP 10 do circuito, queremos saber tudo! E, com o seu contributo, transformar este espa\\u00e7o num cantinho de hist\\u00f3rias de viagens. As SUAS hist\\u00f3rias!\",\"inLanguage\":\"pt-PT\",\"potentialAction\":[{\"@type\":\"ReadAction\",\"target\":[\"https:\/\/www.pintolopesviagens.com\/blog\/historias-em-viagem\/\"]}]}]}<\/script>\n<!-- \/ Yoast SEO plugin. -->","_links":{"self":[{"href":"https:\/\/www.pintolopesviagens.com\/blog\/wp-json\/wp\/v2\/pages\/25"}],"collection":[{"href":"https:\/\/www.pintolopesviagens.com\/blog\/wp-json\/wp\/v2\/pages"}],"about":[{"href":"https:\/\/www.pintolopesviagens.com\/blog\/wp-json\/wp\/v2\/types\/page"}],"author":[{"embeddable":true,"href":"https:\/\/www.pintolopesviagens.com\/blog\/wp-json\/wp\/v2\/users\/1"}],"replies":[{"embeddable":true,"href":"https:\/\/www.pintolopesviagens.com\/blog\/wp-json\/wp\/v2\/comments?post=25"}],"version-history":[{"count":14,"href":"https:\/\/www.pintolopesviagens.com\/blog\/wp-json\/wp\/v2\/pages\/25\/revisions"}],"predecessor-version":[{"id":2415,"href":"https:\/\/www.pintolopesviagens.com\/blog\/wp-json\/wp\/v2\/pages\/25\/revisions\/2415"}],"wp:attachment":[{"href":"https:\/\/www.pintolopesviagens.com\/blog\/wp-json\/wp\/v2\/media?parent=25"}],"curies":[{"name":"wp","href":"https:\/\/api.w.org\/{rel}","templated":true}]}}